{"id":936,"date":"2023-08-21T17:41:25","date_gmt":"2023-08-21T17:41:25","guid":{"rendered":"https:\/\/wrapanddetailinghub.pt\/?page_id=936"},"modified":"2025-04-22T22:09:08","modified_gmt":"2025-04-22T22:09:08","slug":"book","status":"publish","type":"page","link":"http:\/\/wrapanddetailinghub.pt\/pt\/book\/","title":{"rendered":"Agendar Consulta"},"content":{"rendered":"<div data-elementor-type=\"wp-page\" data-elementor-id=\"936\" class=\"elementor elementor-936\" data-elementor-post-type=\"page\">\n\t\t\t\t\t\t\t\t\t<section class=\"elementor-section elementor-top-section elementor-element elementor-element-d38469f elementor-section-stretched elementor-section-boxed elementor-section-height-default elementor-section-height-default\" data-id=\"d38469f\" data-element_type=\"section\" data-settings=\"{&quot;stretch_section&quot;:&quot;section-stretched&quot;,&quot;ekit_has_onepagescroll_dot&quot;:&quot;yes&quot;}\">\n\t\t\t\t\t\t<div class=\"elementor-container elementor-column-gap-default\">\n\t\t\t\t\t<div class=\"elementor-column elementor-col-100 elementor-top-column elementor-element elementor-element-a919def\" data-id=\"a919def\" data-element_type=\"column\">\n\t\t\t<div class=\"elementor-widget-wrap elementor-element-populated\">\n\t\t\t\t\t\t\t\t<div class=\"elementor-element elementor-element-c9b39dc elementor-widget elementor-widget-image\" data-id=\"c9b39dc\" data-element_type=\"widget\" data-settings=\"{&quot;ekit_we_effect_on&quot;:&quot;none&quot;}\" data-widget_type=\"image.default\">\n\t\t\t\t<div class=\"elementor-widget-container\">\n\t\t\t<style>\/*! elementor - v3.14.0 - 26-06-2023 *\/\n.elementor-widget-image{text-align:center}.elementor-widget-image a{display:inline-block}.elementor-widget-image a img[src$=\".svg\"]{width:48px}.elementor-widget-image img{vertical-align:middle;display:inline-block}<\/style>\t\t\t\t\t\t\t\t\t\t\t\t<img loading=\"lazy\" decoding=\"async\" width=\"768\" height=\"768\" src=\"http:\/\/wrapanddetailinghub.pt\/wp-content\/uploads\/2023\/07\/chatcmpl-7hG5DtWbroXVkLX5uJgJOB3jxKc8E-768x768.png\" class=\"attachment-medium_large size-medium_large wp-image-486\" alt=\"Estamos comprometidos em sempre fornecer a melhor experi\u00eancia para nossos clientes. Na Freedom Tire &amp; Automotive, n\u00f3s entendemos o quanto seu ve\u00edculo significa para voc\u00ea. Nossos t\u00e9cnicos altamente treinados fornecem um servi\u00e7o impec\u00e1vel que vai al\u00e9m de suas expectativas. Mantenha seu carro funcionando suavemente com nossos servi\u00e7os de alta qualidade e confiabilidade. Venha nos visitar e descubra como fazemos a diferen\u00e7a! We are committed to always providing the best experience for our customers. At Freedom Tire &amp; Automotive, we understand how much your vehicle means to you. Our highly trained technicians provide impeccable service that goes beyond your expectations. Keep your car running smoothly with our high quality and reliable services. Come visit us and discover how we make a difference!\" srcset=\"http:\/\/wrapanddetailinghub.pt\/wp-content\/uploads\/2023\/07\/chatcmpl-7hG5DtWbroXVkLX5uJgJOB3jxKc8E-768x768.png 768w, http:\/\/wrapanddetailinghub.pt\/wp-content\/uploads\/2023\/07\/chatcmpl-7hG5DtWbroXVkLX5uJgJOB3jxKc8E-300x300.png 300w, http:\/\/wrapanddetailinghub.pt\/wp-content\/uploads\/2023\/07\/chatcmpl-7hG5DtWbroXVkLX5uJgJOB3jxKc8E-150x150.png 150w, http:\/\/wrapanddetailinghub.pt\/wp-content\/uploads\/2023\/07\/chatcmpl-7hG5DtWbroXVkLX5uJgJOB3jxKc8E-12x12.png 12w, http:\/\/wrapanddetailinghub.pt\/wp-content\/uploads\/2023\/07\/chatcmpl-7hG5DtWbroXVkLX5uJgJOB3jxKc8E.png 1024w\" sizes=\"auto, (max-width: 768px) 100vw, 768px\" \/>\t\t\t\t\t\t\t\t\t\t\t\t\t\t\t<\/div>\n\t\t\t\t<\/div>\n\t\t\t\t<div class=\"elementor-element elementor-element-c2938ea elementor-widget elementor-widget-text-editor\" data-id=\"c2938ea\" data-element_type=\"widget\" data-settings=\"{&quot;ekit_we_effect_on&quot;:&quot;none&quot;}\" data-widget_type=\"text-editor.default\">\n\t\t\t\t<div class=\"elementor-widget-container\">\n\t\t\t<style>\/*! elementor - v3.14.0 - 26-06-2023 *\/\n.elementor-widget-text-editor.elementor-drop-cap-view-stacked .elementor-drop-cap{background-color:#69727d;color:#fff}.elementor-widget-text-editor.elementor-drop-cap-view-framed .elementor-drop-cap{color:#69727d;border:3px solid;background-color:transparent}.elementor-widget-text-editor:not(.elementor-drop-cap-view-default) .elementor-drop-cap{margin-top:8px}.elementor-widget-text-editor:not(.elementor-drop-cap-view-default) .elementor-drop-cap-letter{width:1em;height:1em}.elementor-widget-text-editor .elementor-drop-cap{float:left;text-align:center;line-height:1;font-size:50px}.elementor-widget-text-editor .elementor-drop-cap-letter{display:inline-block}<\/style>\t\t\t\t<h3 style=\"text-align: center;\"><span style=\"color: #febd1a;\">Agendar um Servi\u00e7o<\/span><\/h3>\t\t\t\t\t\t<\/div>\n\t\t\t\t<\/div>\n\t\t\t\t\t<\/div>\n\t\t<\/div>\n\t\t\t\t\t\t\t<\/div>\n\t\t<\/section>\n\t\t\t\t<section class=\"elementor-section elementor-top-section elementor-element elementor-element-80c0d33 elementor-section-boxed elementor-section-height-default elementor-section-height-default\" data-id=\"80c0d33\" data-element_type=\"section\" data-settings=\"{&quot;ekit_has_onepagescroll_dot&quot;:&quot;yes&quot;}\">\n\t\t\t\t\t\t<div class=\"elementor-container elementor-column-gap-default\">\n\t\t\t\t\t<div class=\"elementor-column elementor-col-33 elementor-top-column elementor-element elementor-element-de301e1\" data-id=\"de301e1\" data-element_type=\"column\">\n\t\t\t<div class=\"elementor-widget-wrap\">\n\t\t\t\t\t\t\t\t\t<\/div>\n\t\t<\/div>\n\t\t\t\t<div class=\"elementor-column elementor-col-33 elementor-top-column elementor-element elementor-element-5bf3bf2\" data-id=\"5bf3bf2\" data-element_type=\"column\">\n\t\t\t<div class=\"elementor-widget-wrap elementor-element-populated\">\n\t\t\t\t\t\t\t\t<div class=\"elementor-element elementor-element-95a2030 elementor-widget elementor-widget-bookly-widget-bookly-form\" data-id=\"95a2030\" data-element_type=\"widget\" data-settings=\"{&quot;ekit_we_effect_on&quot;:&quot;none&quot;}\" data-widget_type=\"bookly-widget-bookly-form.default\">\n\t\t\t\t<div class=\"elementor-widget-container\">\n\t\t\t<!--\nPlugin Name: Bookly \u2013 Responsive WordPress Appointment Booking and Scheduling Plugin\nPlugin URI: https:\/\/www.booking-wp-plugin.com\/?utm_source=bookly_admin&utm_medium=plugins_page&utm_campaign=plugins_page\nVersion: 22.3-->\n    <style type=\"text\/css\">\n        \/* Color *\/\n        .bookly-form .bookly-form-group > label,\n        .bookly-form .bookly-label-error,\n        .bookly-form .bookly-progress-tracker > .active,\n        .bookly-form .picker__nav--next,\n        .bookly-form .pickadate__nav--prev,\n        .bookly-form .picker__day:hover,\n        .bookly-form .picker__day--selected:hover,\n        .bookly-form .picker--opened .picker__day--selected,\n        .bookly-form .picker__button--clear,\n        .bookly-form .picker__button--today,\n        .bookly-form .bookly-columnizer .bookly-hour span.bookly-waiting-list {\n            color: #febd1a !important;\n        }\n\n        \/* Background *\/\n        .bookly-form .bookly-progress-tracker > .active .step,\n        .bookly-form .picker__frame,\n        .bookly-form .bookly-service-step .bookly-week-days label,\n        .bookly-form .bookly-repeat-step .bookly-week-days label,\n        .bookly-form .bookly-columnizer .bookly-hour:active .bookly-hour-icon span,\n        .bookly-form .bookly-btn,\n        .bookly-form .bookly-btn:active,\n        .bookly-form .bookly-btn:focus,\n        .bookly-form .bookly-btn:hover,\n        .bookly-form .bookly-btn-submit,\n        .bookly-form .bookly-round,\n        .bookly-form .bookly-square,\n        .bookly-form .bookly-pagination > li.active {\n            background-color: #febd1a !important;\n        }\n\n        .bookly-form .bookly-triangle {\n            border-bottom-color: #febd1a !important;\n        }\n\n        \/* Border *\/\n        .bookly-form input[type=\"text\"].bookly-error,\n        .bookly-form input[type=\"password\"].bookly-error,\n        .bookly-form select.bookly-error,\n        .bookly-form textarea.bookly-error,\n        .bookly-form .bookly-week-days.bookly-error,\n        .bookly-extra-step div.bookly-extras-thumb.bookly-extras-selected {\n            border: 2px solid #febd1a !important;\n        }\n\n        \/* Other *\/\n        .bookly-form .picker__header {\n            border-bottom: 1px solid #febd1a !important;\n        }\n\n        .bookly-form .picker__nav--next:before {\n            border-left: 6px solid #febd1a !important;\n        }\n\n        .bookly-form .picker__nav--prev:before {\n            border-right: 6px solid #febd1a !important;\n        }\n\n        .bookly-form .bookly-service-step .bookly-week-days label.active, .bookly-form .bookly-repeat-step .bookly-week-days label.active {\n            background: #febd1a url(http:\/\/wrapanddetailinghub.pt\/wp-content\/plugins\/bookly-responsive-appointment-booking-tool\/frontend\/resources\/images\/checkbox.png) 0 0 no-repeat !important;\n        }\n\n        .bookly-form .bookly-columnizer .bookly-day, .bookly-form .bookly-schedule-date {\n            background: #febd1a !important;\n            border: 1px solid #febd1a !important;\n        }\n\n        .bookly-form .bookly-pagination > li.active a {\n            border: 1px solid #febd1a !important;\n        }\n\n        .bookly-form .bookly-columnizer .bookly-hour:active {\n            border: 2px solid #febd1a !important;\n            color: #febd1a !important;\n        }\n\n        .bookly-form .bookly-columnizer .bookly-hour:active .bookly-hour-icon {\n            background: none;\n            border: 2px solid #febd1a !important;\n            color: #febd1a !important;\n            width: auto;\n            height: auto;\n            padding: 3px;\n            border-radius: 25px;\n            margin-right: 3px;\n        }\n\n        .bookly-form .bookly-columnizer .bookly-hour:active .bookly-hour-icon span {\n            background-color: #febd1a !important;\n            width: 8px;\n            height: 8px;\n            border-radius: 10px;\n            display: block;\n        }\n\n        @media (hover) {\n            .bookly-form .bookly-columnizer .bookly-hour:hover {\n                border: 2px solid #febd1a !important;\n                color: #febd1a !important;\n            }\n\n            .bookly-form .bookly-columnizer .bookly-hour:hover .bookly-hour-icon {\n                background: none;\n                border: 2px solid #febd1a !important;\n                color: #febd1a !important;\n            }\n\n            .bookly-form .bookly-columnizer .bookly-hour:hover .bookly-hour-icon span {\n                background-color: #febd1a !important;\n            }\n        }\n    <\/style>\n\n<div id=\"bookly-form-69dd0e73da73c\" class=\"bookly-form\" data-form_id=\"69dd0e73da73c\">\n    <div style=\"text-align: center\"><img decoding=\"async\" src=\"http:\/\/wrapanddetailinghub.pt\/wp-includes\/js\/tinymce\/skins\/lightgray\/img\/loader.gif\" alt=\"Carregando...\"\/><\/div>\n<\/div>\n<script type=\"text\/javascript\">\n    (function (win, fn) {\n        var done = false, top = true,\n            doc = win.document,\n            root = doc.documentElement,\n            modern = doc.addEventListener,\n            add = modern ? 'addEventListener' : 'attachEvent',\n            rem = modern ? 'removeEventListener' : 'detachEvent',\n            pre = modern ? '' : 'on',\n            init = function(e) {\n                if (e.type == 'readystatechange') if (doc.readyState != 'complete') return;\n                (e.type == 'load' ? win : doc)[rem](pre + e.type, init, false);\n                if (!done) { done = true; fn.call(win, e.type || e); }\n            },\n            poll = function() {\n                try { root.doScroll('left'); } catch(e) { setTimeout(poll, 50); return; }\n                init('poll');\n            };\n        if (doc.readyState == 'complete') fn.call(win, 'lazy');\n        else {\n            if (!modern) if (root.doScroll) {\n                try { top = !win.frameElement; } catch(e) { }\n                if (top) poll();\n            }\n            doc[add](pre + 'DOMContentLoaded', init, false);\n            doc[add](pre + 'readystatechange', init, false);\n            win[add](pre + 'load', init, false);\n        }\n    })(window, function() {\n        window.bookly( {\"form_id\":\"69dd0e73da73c\",\"status\":{\"booking\":\"new\"},\"skip_steps\":{\"service_part1\":0,\"service_part2\":1,\"extras\":1,\"time\":0,\"repeat\":1,\"cart\":1},\"errors\":{\"session_error\":\"Erro de sess\\u00e3o.\",\"form_id_error\":\"Erro de ID do formul\\u00e1rio\",\"cart_item_not_available\":\"The selected time is not available anymore. Please, choose another time slot.\",\"pay_locally_not_available\":\"Pagar localmente n\\u00e3o est\\u00e1 dispon\\u00edvel.\",\"invalid_gateway\":\"Gateway inv\\u00e1lido\",\"payment_error\":\"Erro.\",\"incorrect_username_password\":\"Nome de utilizador ou senha incorrectos.\"},\"form_attributes\":{\"hide_categories\":true,\"hide_services\":false,\"hide_staff_members\":true,\"show_number_of_persons\":false,\"hide_service_duration\":true,\"hide_locations\":true,\"hide_quantity\":true,\"hide_date\":true,\"hide_week_days\":true,\"hide_time_range\":true},\"use_client_time_zone\":1,\"firstDay\":1,\"date_format\":\"mmmm d, yyyy\",\"defaults\":{\"service_id\":0,\"staff_id\":0,\"location_id\":0,\"category_id\":0},\"facebook\":{\"enabled\":0,\"appId\":\"\"}} );\n    });\n<\/script>\t\t<\/div>\n\t\t\t\t<\/div>\n\t\t\t\t\t<\/div>\n\t\t<\/div>\n\t\t\t\t<div class=\"elementor-column elementor-col-33 elementor-top-column elementor-element elementor-element-be1e7be\" data-id=\"be1e7be\" data-element_type=\"column\">\n\t\t\t<div class=\"elementor-widget-wrap\">\n\t\t\t\t\t\t\t\t\t<\/div>\n\t\t<\/div>\n\t\t\t\t\t\t\t<\/div>\n\t\t<\/section>\n\t\t\t\t\t\t\t<\/div>\n\t\t\n    <div class=\"xs_social_share_widget xs_share_url after_content \t\tmain_content  wslu-style-1 wslu-share-box-shaped wslu-fill-colored wslu-none wslu-share-horizontal wslu-theme-font-no wslu-main_content\">\n\n\t\t\n        <ul>\n\t\t\t        <\/ul>\n    <\/div>","protected":false},"excerpt":{"rendered":"<p>Agendar um Servi\u00e7o<\/p>","protected":false},"author":1,"featured_media":0,"parent":0,"menu_order":0,"comment_status":"closed","ping_status":"closed","template":"elementor_header_footer","meta":{"footnotes":""},"class_list":["post-936","page","type-page","status-publish","hentry"],"aioseo_notices":[],"_links":{"self":[{"href":"http:\/\/wrapanddetailinghub.pt\/pt\/wp-json\/wp\/v2\/pages\/936","targetHints":{"allow":["GET"]}}],"collection":[{"href":"http:\/\/wrapanddetailinghub.pt\/pt\/wp-json\/wp\/v2\/pages"}],"about":[{"href":"http:\/\/wrapanddetailinghub.pt\/pt\/wp-json\/wp\/v2\/types\/page"}],"author":[{"embeddable":true,"href":"http:\/\/wrapanddetailinghub.pt\/pt\/wp-json\/wp\/v2\/users\/1"}],"replies":[{"embeddable":true,"href":"http:\/\/wrapanddetailinghub.pt\/pt\/wp-json\/wp\/v2\/comments?post=936"}],"version-history":[{"count":43,"href":"http:\/\/wrapanddetailinghub.pt\/pt\/wp-json\/wp\/v2\/pages\/936\/revisions"}],"predecessor-version":[{"id":2156,"href":"http:\/\/wrapanddetailinghub.pt\/pt\/wp-json\/wp\/v2\/pages\/936\/revisions\/2156"}],"wp:attachment":[{"href":"http:\/\/wrapanddetailinghub.pt\/pt\/wp-json\/wp\/v2\/media?parent=936"}],"curies":[{"name":"wp","href":"https:\/\/api.w.org\/{rel}","templated":true}]}}