{"id":848,"date":"2023-08-19T22:43:22","date_gmt":"2023-08-19T22:43:22","guid":{"rendered":"https:\/\/wrapanddetailinghub.pt\/?page_id=848"},"modified":"2023-08-19T23:05:16","modified_gmt":"2023-08-19T23:05:16","slug":"privacy-policy","status":"publish","type":"page","link":"http:\/\/wrapanddetailinghub.pt\/pt\/privacy-policy\/","title":{"rendered":"Pol\u00edtica de Privacidade"},"content":{"rendered":"<div data-elementor-type=\"wp-page\" data-elementor-id=\"848\" class=\"elementor elementor-848\" data-elementor-post-type=\"page\">\n\t\t\t\t\t\t\t\t\t<section class=\"elementor-section elementor-top-section elementor-element elementor-element-ab9a41e elementor-section-boxed elementor-section-height-default elementor-section-height-default\" data-id=\"ab9a41e\" data-element_type=\"section\" data-settings=\"{&quot;ekit_has_onepagescroll_dot&quot;:&quot;yes&quot;}\">\n\t\t\t\t\t\t<div class=\"elementor-container elementor-column-gap-default\">\n\t\t\t\t\t<div class=\"elementor-column elementor-col-100 elementor-top-column elementor-element elementor-element-7fe057d6\" data-id=\"7fe057d6\" data-element_type=\"column\">\n\t\t\t<div class=\"elementor-widget-wrap elementor-element-populated\">\n\t\t\t\t\t\t\t\t<div class=\"elementor-element elementor-element-68eadffc elementor-widget elementor-widget-text-editor\" data-id=\"68eadffc\" data-element_type=\"widget\" data-settings=\"{&quot;ekit_we_effect_on&quot;:&quot;none&quot;}\" data-widget_type=\"text-editor.default\">\n\t\t\t\t<div class=\"elementor-widget-container\">\n\t\t\t<style>\/*! elementor - v3.14.0 - 26-06-2023 *\/\n.elementor-widget-text-editor.elementor-drop-cap-view-stacked .elementor-drop-cap{background-color:#69727d;color:#fff}.elementor-widget-text-editor.elementor-drop-cap-view-framed .elementor-drop-cap{color:#69727d;border:3px solid;background-color:transparent}.elementor-widget-text-editor:not(.elementor-drop-cap-view-default) .elementor-drop-cap{margin-top:8px}.elementor-widget-text-editor:not(.elementor-drop-cap-view-default) .elementor-drop-cap-letter{width:1em;height:1em}.elementor-widget-text-editor .elementor-drop-cap{float:left;text-align:center;line-height:1;font-size:50px}.elementor-widget-text-editor .elementor-drop-cap-letter{display:inline-block}<\/style>\t\t\t\t<!-- wp:paragraph -->\n<p><strong>Pol\u00edtica de Privacidade<\/strong><\/p>\n<!-- \/wp:paragraph -->\n\n<!-- wp:paragraph -->\n<p>Data da \u00faltima atualiza\u00e7\u00e3o: Aug 19, 2023<\/p>\n<!-- \/wp:paragraph -->\n\n<!-- wp:paragraph -->\n<p><strong>1. Introdu\u00e7\u00e3o<\/strong><\/p>\n<!-- \/wp:paragraph -->\n\n<!-- wp:paragraph -->\n<p>Bem-vindo ao website <a href=\"http:\/\/wrapanddetailinghub.pt\/pt\/\">https:\/\/wrapanddetailinghub.pt\/<\/a> documento detalha como n\u00f3s coletamos, utilizamos e protegemos as informa\u00e7\u00f5es que voc\u00ea fornece ao usar nosso Site.<\/p>\n<!-- \/wp:paragraph -->\n\n<!-- wp:paragraph -->\n<p><strong>2. Dados Coletados<\/strong><\/p>\n<!-- \/wp:paragraph -->\n\n<!-- wp:paragraph -->\n<p>Coletamos informa\u00e7\u00f5es que voc\u00ea fornece diretamente para n\u00f3s, como quando se inscreve para receber newsletters, quando nos envia mensagens ou quando participa de alguma promo\u00e7\u00e3o. Os tipos de informa\u00e7\u00f5es que podemos coletar incluem:<\/p>\n<!-- \/wp:paragraph -->\n\n<!-- wp:list -->\n<ul><!-- wp:list-item -->\n<li>Nome<\/li>\n<!-- \/wp:list-item -->\n\n<!-- wp:list-item -->\n<li>Endere\u00e7o de e-mail<\/li>\n<!-- \/wp:list-item -->\n\n<!-- wp:list-item -->\n<li>N\u00famero de telefone<\/li>\n<!-- \/wp:list-item -->\n\n<!-- wp:list-item -->\n<li>Endere\u00e7o postal<\/li>\n<!-- \/wp:list-item -->\n\n<!-- wp:list-item -->\n<li>Informa\u00e7\u00f5es de pagamento<\/li>\n<!-- \/wp:list-item -->\n\n<!-- wp:list-item -->\n<li>Qualquer outra informa\u00e7\u00e3o que voc\u00ea escolha fornecer<\/li>\n<!-- \/wp:list-item --><\/ul>\n<!-- \/wp:list -->\n\n<!-- wp:paragraph -->\n<p><strong>3. Como Usamos Suas Informa\u00e7\u00f5es<\/strong><\/p>\n<!-- \/wp:paragraph -->\n\n<!-- wp:paragraph -->\n<p>Usamos as informa\u00e7\u00f5es que coletamos para:<\/p>\n<!-- \/wp:paragraph -->\n\n<!-- wp:list -->\n<ul><!-- wp:list-item -->\n<li>Fornecer, manter e melhorar nosso Site<\/li>\n<!-- \/wp:list-item -->\n\n<!-- wp:list-item -->\n<li>Processar transa\u00e7\u00f5es<\/li>\n<!-- \/wp:list-item -->\n\n<!-- wp:list-item -->\n<li>Responder a seus coment\u00e1rios e perguntas<\/li>\n<!-- \/wp:list-item -->\n\n<!-- wp:list-item -->\n<li>Enviar newsletters e informa\u00e7\u00f5es promocionais<\/li>\n<!-- \/wp:list-item --><\/ul>\n<!-- \/wp:list -->\n\n<!-- wp:paragraph -->\n<p><strong>4. Partilha de Informa\u00e7\u00f5es<\/strong><\/p>\n<!-- \/wp:paragraph -->\n\n<!-- wp:paragraph -->\n<p>N\u00e3o vendemos ou partilhamos as suas informa\u00e7\u00f5es pessoais com terceiros, exceto nas circunst\u00e2ncias seguintes:<\/p>\n<!-- \/wp:paragraph -->\n\n<!-- wp:list -->\n<ul><!-- wp:list-item -->\n<li>Com o seu consentimento<\/li>\n<!-- \/wp:list-item -->\n\n<!-- wp:list-item -->\n<li>Para cumprir uma obriga\u00e7\u00e3o legal ou regulamentar<\/li>\n<!-- \/wp:list-item -->\n\n<!-- wp:list-item -->\n<li>ara proteger os direitos e propriedade do <a href=\"http:\/\/wrapanddetailinghub.pt\/pt\/\">https:\/\/wrapanddetailinghub.pt\/<\/a><\/li>\n<!-- \/wp:list-item --><\/ul>\n<!-- \/wp:list -->\n\n<!-- wp:paragraph -->\n<p><strong>5. Seguran\u00e7a<\/strong><\/p>\n<!-- \/wp:paragraph -->\n\n<!-- wp:paragraph -->\n<p>Implementamos medidas de seguran\u00e7a para proteger suas informa\u00e7\u00f5es contra acesso, altera\u00e7\u00e3o, divulga\u00e7\u00e3o ou destrui\u00e7\u00e3o n\u00e3o autorizados.<\/p>\n<!-- \/wp:paragraph -->\n\n<!-- wp:paragraph -->\n<p><strong>6. Acesso e Atualiza\u00e7\u00e3o de Informa\u00e7\u00f5es<\/strong><\/p>\n<!-- \/wp:paragraph -->\n\n<!-- wp:paragraph -->\n<p>Voc\u00ea tem o direito de acessar, corrigir ou apagar suas informa\u00e7\u00f5es pessoais a qualquer momento, contatando-nos no endere\u00e7o fornecido abaixo.<\/p>\n<!-- \/wp:paragraph -->\n\n<!-- wp:paragraph -->\n<p><strong>7. Altera\u00e7\u00f5es \u00e0 Pol\u00edtica de Privacidade<\/strong><\/p>\n<!-- \/wp:paragraph -->\n\n<!-- wp:paragraph -->\n<p>Podemos atualizar esta pol\u00edtica de privacidade periodicamente, e qualquer altera\u00e7\u00e3o ser\u00e1 refletida aqui. Encorajamos que voc\u00ea reveja regularmente esta pol\u00edtica para se manter informado.<\/p>\n<!-- \/wp:paragraph -->\n\n<!-- wp:paragraph -->\n<p><strong>8. Contato<\/strong><\/p>\n<!-- \/wp:paragraph -->\n\n<!-- wp:paragraph -->\n<p>Se tiver perguntas ou preocupa\u00e7\u00f5es sobre esta pol\u00edtica de privacidade, entre em contato conosco em: wrapanddetailinghub@gmail.com<\/p>\n<!-- \/wp:paragraph -->\t\t\t\t\t\t<\/div>\n\t\t\t\t<\/div>\n\t\t\t\t\t<\/div>\n\t\t<\/div>\n\t\t\t\t\t\t\t<\/div>\n\t\t<\/section>\n\t\t\t\t\t\t\t<\/div>\n\t\t\n    <div class=\"xs_social_share_widget xs_share_url after_content \t\tmain_content  wslu-style-1 wslu-share-box-shaped wslu-fill-colored wslu-none wslu-share-horizontal wslu-theme-font-no wslu-main_content\">\n\n\t\t\n        <ul>\n\t\t\t        <\/ul>\n    <\/div>","protected":false},"excerpt":{"rendered":"<p>Privacy Policy Last updated: Aug 19, 2023 1. Introduction Welcome to the website https:\/\/wrapanddetailinghub.pt\/ (&#8220;Website&#8221;). This document outlines how we collect, use, and protect the information you provide when using our Website. 2. Data Collected We collect information that you provide directly to us, such as when you sign up for newsletters, send us messages, [&hellip;]<\/p>","protected":false},"author":1,"featured_media":0,"parent":0,"menu_order":0,"comment_status":"closed","ping_status":"closed","template":"elementor_header_footer","meta":{"footnotes":""},"class_list":["post-848","page","type-page","status-publish","hentry"],"aioseo_notices":[],"_links":{"self":[{"href":"http:\/\/wrapanddetailinghub.pt\/pt\/wp-json\/wp\/v2\/pages\/848","targetHints":{"allow":["GET"]}}],"collection":[{"href":"http:\/\/wrapanddetailinghub.pt\/pt\/wp-json\/wp\/v2\/pages"}],"about":[{"href":"http:\/\/wrapanddetailinghub.pt\/pt\/wp-json\/wp\/v2\/types\/page"}],"author":[{"embeddable":true,"href":"http:\/\/wrapanddetailinghub.pt\/pt\/wp-json\/wp\/v2\/users\/1"}],"replies":[{"embeddable":true,"href":"http:\/\/wrapanddetailinghub.pt\/pt\/wp-json\/wp\/v2\/comments?post=848"}],"version-history":[{"count":4,"href":"http:\/\/wrapanddetailinghub.pt\/pt\/wp-json\/wp\/v2\/pages\/848\/revisions"}],"predecessor-version":[{"id":853,"href":"http:\/\/wrapanddetailinghub.pt\/pt\/wp-json\/wp\/v2\/pages\/848\/revisions\/853"}],"wp:attachment":[{"href":"http:\/\/wrapanddetailinghub.pt\/pt\/wp-json\/wp\/v2\/media?parent=848"}],"curies":[{"name":"wp","href":"https:\/\/api.w.org\/{rel}","templated":true}]}}